{"id":1183,"date":"2020-02-24T11:31:53","date_gmt":"2020-02-24T11:31:53","guid":{"rendered":"http:\/\/www.diversamente.ch\/?page_id=1183"},"modified":"2021-07-02T14:47:42","modified_gmt":"2021-07-02T14:47:42","slug":"2-d-multimedialita-e-cinema","status":"publish","type":"page","link":"https:\/\/www.diversamente.ch\/index.php\/2-d-multimedialita-e-cinema\/","title":{"rendered":"D!-Multimedialit\u00e0 e Cinema"},"content":{"rendered":"<p>&nbsp;<\/p>\n<h2><strong>Call Di Progetto &#8220;Cinema e salute&#8221;<\/strong><\/h2>\n<p><img loading=\"lazy\" decoding=\"async\" class=\"alignnone wp-image-73\" src=\"http:\/\/www.diversamente.ch\/wp-content\/uploads\/2018\/02\/Logo_Filmagogia.png\" alt=\"\" width=\"280\" height=\"78\" \/>\u00a0\u00a0\u00a0\u00a0\u00a0\u00a0\u00a0\u00a0\u00a0\u00a0\u00a0\u00a0 <img loading=\"lazy\" decoding=\"async\" class=\"alignnone wp-image-752\" src=\"http:\/\/www.diversamente.ch\/wp-content\/uploads\/2019\/02\/logo_CISA_25_anni.png\" alt=\"\" width=\"142\" height=\"74\" \/><\/p>\n<p>La Fondazione Filmagogia aveva previsto di bandire, nell\u2019ambito della rassegna <em>Diversamente!<\/em>, una <a href=\"http:\/\/www.filmagogia.ch\/it-cinema-e-salute.html\">Call di Progetto su Cinema e salute, in collaborazione col Conservatorio Internazionale di Scienze Audiovisive (CISA) di Locarno<\/a>. Come per l&#8217;anno precedente il bando avrebbe avuto come finalit\u00e0 quella di raccogliere trattamenti, sceneggiature e\/o cortometraggi capaci di rappresentare, parlare e misurarsi con la diversit\u00e0 o, ancora, di affrontare le diverse modalit\u00e0 con cui cinema <a name=\"_GoBack\"><\/a>e multimedia possono intervenire a sostegno del benessere delle persone.<\/p>\n<h4>La preoccupazione sanitaria che ha colpito il 2020 ha indotto i promotori a rinunciare all&#8217;apertura del bando per l&#8217;anno in corso.<\/h4>\n<p>&nbsp;<\/p>\n<h1>Altre proposte<\/h1>\n<pre>autunno 2020 <a href=\"https:\/\/www.avventuno.org\/wp-content\/uploads\/2019\/09\/sguardi_di_siblings_2-ottobre_def.pdf\"><strong>SGUARDI DI SIBLINGS\u00a0(clicca\u00a0qui)<\/strong><\/a><\/pre>\n<h2><strong>SIBLING<\/strong>\u00a0 &#8211; Fratelli e sorelle di bambini con disabilit\u00e0 o malattie<\/h2>\n<p>Un progetto dell&#8217;associazione Familien- und Frauengesundheit, FFG-Videoproduktion promosso da atgabbes<\/p>\n<div id=\"comp-ke9mo3rm2\" class=\"_1Z_nJ\" data-testid=\"richTextElement\">\n<p class=\"font_8\">Documentario, 33 minuti,\u00a0svizzero tedesco,\u00a0doppiato in italiano<\/p>\n<pre class=\"font_8\"><em>Una grave malattia o la disabilit\u00e0 di un bambino possono mettere la famiglia in una situazione di fragilit\u00e0 che porta con s\u00e9 un sovraccarico per tutti i suoi componenti, fratelli e sorelle compresi.<\/em>\r\n\r\n<em>Il progetto SIBLINGS vuole porre al centro dell\u2019attenzione proprio questi bambini e mostrare quali rischi, ma anche quali opportunit\u00e0 esistano per il loro sviluppo.\u00a0<\/em>\r\n\r\nSIBLINGS \u00e8 un progetto di sensibilizzazione che promuove\u00a0la salute psichica e un sano sviluppo dei fratelli e\u00a0delle\u00a0sorelle di bambini con disabilit\u00e0 o malattie gravi.<\/pre>\n<\/div>\n<div id=\"comp-ke9ni8jd\" class=\"_3Mgpu\">\n<div class=\"\" data-mesh-id=\"comp-ke9ni8jdinlineContent\" data-testid=\"inline-content\">\n<div data-mesh-id=\"comp-ke9ni8jdinlineContent-gridContainer\" data-testid=\"mesh-container-content\">\n<div id=\"comp-ke9mo3ru1\" class=\"_1Z_nJ\" data-testid=\"richTextElement\">\n<h4 class=\"font_4\"><a href=\"http:\/\/www.vreakyart.ch\/freigegebene_Filme\/Siblings.mp4\">Documentario, 33 minuti, svizzero tedesco,\u00a0doppiato in italiano (clicca qui)<\/a><\/h4>\n<\/div>\n<\/div>\n<\/div>\n<\/div>\n<div id=\"comp-ke9ni8jd\" class=\"_3Mgpu\">\n<div class=\"\" data-mesh-id=\"comp-ke9ni8jdinlineContent\" data-testid=\"inline-content\">\n<div data-mesh-id=\"comp-ke9ni8jdinlineContent-gridContainer\" data-testid=\"mesh-container-content\">\n<div id=\"comp-ke9mo3s81\" class=\"_1Z_nJ\" data-testid=\"richTextElement\">\n<h4 class=\"font_8\"><a href=\"https:\/\/e8434c0c-1341-4353-bca3-a11a220742f1.filesusr.com\/ugd\/d72077_324449e83f6b4daf85273a69ef3d26a7.pdf\">La brochure, 24 pagine, italiano, A5, PDF (clicca qui)<\/a><\/h4>\n<p class=\"font_8\">\u200bComandate gratuitamente la brochure in forma cartacea \u00abSiblings, fratelli e sorelle di bambini con disabilit\u00e0 o malattie\u00bb e il flyer del film presso il segretariato atgabbes.<\/p>\n<p>Persona di riferimento, anche per l\u2019utilizzo del materiale nell\u2019ambito di eventi: <a href=\"mailto:ludovica.mueller@atgabbes.ch\" target=\"_self\">Ludovica M\u00fcller<\/a>.<\/p>\n<\/div>\n<\/div>\n<\/div>\n<\/div>\n<div id=\"comp-ke9mo3sb\" class=\"_1Z_nJ\" data-testid=\"richTextElement\">\n<p class=\"font_8\">Sul sito\u00a0<a href=\"http:\/\/www.atgabbes.ch\" target=\"_blank\" rel=\"noopener\">www.atgabbes.ch<\/a>\u00a0trovate anche altro materiale sul tema.<\/p>\n<\/div>\n<div id=\"c7773\" class=\"frame frame-default frame-type-text frame-layout-0\">\n<div>\n<h2>Link utili:<\/h2>\n<p><strong><a class=\"external-link-new-window\" title=\"Opens internal link in current window\" href=\"https:\/\/insieme.ch\/fr\/vie-quotidienne\/freres-et-soeurs\/\" target=\"_blank\" rel=\"noopener\">www.insieme.ch<\/a><\/strong><\/p>\n<\/div>\n<div>\n<p><strong><a href=\"https:\/\/www.geschwister-kinder.ch\/versione-italiana\" target=\"_blank\" rel=\"noopener\">www.geschwister-kinder.ch\/versione-italiana<\/a><\/strong><\/p>\n<\/div>\n<div>\n<p><strong><a class=\"external-link-new-window\" title=\"Opens internal link in current window\" href=\"http:\/\/www.famigliabile.it\/Siblings.html\" target=\"_blank\" rel=\"noopener\">www.famigliabile.it<\/a><\/strong><\/p>\n<\/div>\n<div>\n<p><strong><a class=\"external-link-new-window\" title=\"Opens internal link in current window\" href=\"http:\/\/www.siblings.it\/index.htm\" target=\"_blank\" rel=\"noopener\">www.siblings.it<\/a><\/strong><\/p>\n<\/div>\n<\/div>\n<p>&nbsp;<\/p>\n<h2><strong>Rassegna &#8220;Il Grande sonno&#8221;<\/strong><\/h2>\n<p><img loading=\"lazy\" decoding=\"async\" class=\"alignnone size-medium wp-image-1184\" src=\"http:\/\/www.diversamente.ch\/wp-content\/uploads\/2020\/02\/Grande-sonno-CISA-223x300.png\" alt=\"\" width=\"223\" height=\"300\" srcset=\"https:\/\/www.diversamente.ch\/wp-content\/uploads\/2020\/02\/Grande-sonno-CISA-223x300.png 223w, https:\/\/www.diversamente.ch\/wp-content\/uploads\/2020\/02\/Grande-sonno-CISA.png 529w\" sizes=\"(max-width: 223px) 100vw, 223px\" \/><\/p>\n<pre>Il Conservatorio Internazionale di Scienze Audiovisive propone <a href=\"http:\/\/www.cisaonline.ch\/download\/20191216_flyer_Il_grande_sonno_WEB.pdf\">una rassegna cinematografica con otto film classici della storia del cinema (clicca qui per il programma)<\/a> sul tema del sonno, arricchita da una mostra e da una conferenza.\u00a0<em><strong>PalaCinema di Locarno da gennaio a maggio 2020.<\/strong>\r\n<\/em><\/pre>\n<h3><strong>Mostra fotografica &#8220;Sogno Visum&#8221; interna alla Rassegna il grande sonno<\/strong><\/h3>\n<pre>Dal <strong><em>22 gennaio al 22 febbraio<\/em> <\/strong>il foyer del PalaCinema di Locarno ospita la mostra fotografica di Denise Liardet dal titolo Sogno visum, progetto fotografico, commissionato dalla European Sleep Foundation alla neo diplomata CISA.<\/pre>\n<h2><a href=\"https:\/\/outside-thebox.ch\/loulou\/\">LOULOU<\/a><\/h2>\n<p>(date, orari e sale in attesa di conferma)<\/p>\n<pre>70\u2019- un film di Nathan Hofstetter - versione in lingua originale francese (produzione: Outside the Box) - Proiezione e incontro con il regista - 2019-CH<\/pre>\n<p><a href=\"https:\/\/vimeo.com\/ondemand\/loulou\"><img loading=\"lazy\" decoding=\"async\" class=\"alignnone wp-image-1278\" src=\"http:\/\/www.diversamente.ch\/wp-content\/uploads\/2020\/02\/LouLou-211x300.jpg\" alt=\"\" width=\"235\" height=\"334\" srcset=\"https:\/\/www.diversamente.ch\/wp-content\/uploads\/2020\/02\/LouLou-211x300.jpg 211w, https:\/\/www.diversamente.ch\/wp-content\/uploads\/2020\/02\/LouLou.jpg 400w\" sizes=\"(max-width: 235px) 100vw, 235px\" \/><\/a><\/p>\n<pre>-\" <em>SYNOPSIS Nathan est diagnostiqu\u00e9 schizophr\u00e8ne parano\u00efde. Maintenant il va mieux, avant il allait beaucoup moins bien. Il se filme, il filme ses proches de l\u2019h\u00f4pital, son meilleur ami bipolaire, son p\u00e8re, sa m\u00e8re et son amour. Gr\u00e2ce \u00e0 eux, il commence \u00e0 devenir un homme au lieu d\u2019un fou. Pour Nathan, tout le monde est un \u201cloulou\u201d, \u00e0 sa mani\u00e8re<\/em>.\"-<\/pre>\n<p>&nbsp;<\/p>\n<h3><\/h3>\n<p>&nbsp;<\/p>\n","protected":false},"excerpt":{"rendered":"<p>&nbsp; Call Di Progetto &#8220;Cinema e salute&#8221; \u00a0\u00a0\u00a0\u00a0\u00a0\u00a0\u00a0\u00a0\u00a0\u00a0\u00a0\u00a0 La Fondazione Filmagogia aveva previsto di bandire, nell\u2019ambito della rassegna Diversamente!, una Call di Progetto su Cinema e salute, in collaborazione col Conservatorio Internazionale di Scienze Audiovisive (CISA) di Locarno. Come per l&#8217;anno precedente il bando avrebbe avuto come finalit\u00e0 quella di raccogliere trattamenti, sceneggiature e\/o cortometraggi &hellip; <a href=\"https:\/\/www.diversamente.ch\/index.php\/2-d-multimedialita-e-cinema\/\" class=\"more-link\">Continue reading <span class=\"screen-reader-text\">D!-Multimedialit\u00e0 e Cinema<\/span><\/a><\/p>\n","protected":false},"author":3,"featured_media":0,"parent":0,"menu_order":0,"comment_status":"closed","ping_status":"closed","template":"","meta":{"footnotes":""},"_links":{"self":[{"href":"https:\/\/www.diversamente.ch\/index.php\/wp-json\/wp\/v2\/pages\/1183"}],"collection":[{"href":"https:\/\/www.diversamente.ch\/index.php\/wp-json\/wp\/v2\/pages"}],"about":[{"href":"https:\/\/www.diversamente.ch\/index.php\/wp-json\/wp\/v2\/types\/page"}],"author":[{"embeddable":true,"href":"https:\/\/www.diversamente.ch\/index.php\/wp-json\/wp\/v2\/users\/3"}],"replies":[{"embeddable":true,"href":"https:\/\/www.diversamente.ch\/index.php\/wp-json\/wp\/v2\/comments?post=1183"}],"version-history":[{"count":16,"href":"https:\/\/www.diversamente.ch\/index.php\/wp-json\/wp\/v2\/pages\/1183\/revisions"}],"predecessor-version":[{"id":1385,"href":"https:\/\/www.diversamente.ch\/index.php\/wp-json\/wp\/v2\/pages\/1183\/revisions\/1385"}],"wp:attachment":[{"href":"https:\/\/www.diversamente.ch\/index.php\/wp-json\/wp\/v2\/media?parent=1183"}],"curies":[{"name":"wp","href":"https:\/\/api.w.org\/{rel}","templated":true}]}}