{"id":1193,"date":"2020-02-24T11:45:08","date_gmt":"2020-02-24T11:45:08","guid":{"rendered":"http:\/\/www.diversamente.ch\/?page_id=1193"},"modified":"2024-03-30T10:36:21","modified_gmt":"2024-03-30T10:36:21","slug":"d-azioni","status":"publish","type":"page","link":"https:\/\/www.diversamente.ch\/index.php\/d-azioni\/","title":{"rendered":"Azioni:"},"content":{"rendered":"<div class=\"wp-block-image\">\n<figure class=\"alignleft\"><img loading=\"lazy\" decoding=\"async\" width=\"300\" height=\"300\" src=\"http:\/\/www.diversamente.ch\/wp-content\/uploads\/2018\/02\/favico-300x300.jpg\" alt=\"\" class=\"wp-image-36\" srcset=\"https:\/\/www.diversamente.ch\/wp-content\/uploads\/2018\/02\/favico-300x300.jpg 300w, https:\/\/www.diversamente.ch\/wp-content\/uploads\/2018\/02\/favico-150x150.jpg 150w, https:\/\/www.diversamente.ch\/wp-content\/uploads\/2018\/02\/favico.jpg 512w\" sizes=\"(max-width: 300px) 100vw, 300px\" \/><\/figure><\/div>\n\n\n<p>&#8230; parole, immagini e azioni volte ad evitare il luogo comune, la stigmatizzazione o la negazione della persona in quanto tale.<\/p>\n\n\n\n<p><\/p>\n\n\n\n<p><\/p>\n\n\n\n<p><\/p>\n\n\n\n<p><\/p>\n\n\n\n<h3 class=\"wp-block-heading\"><strong><em>Esprimersi Diversamente!<\/em><\/strong><\/h3>\n\n\n\n<p>Le parole contano &#8211; Per un linguaggio rispettoso della persona (con disabilit\u00e0)<\/p>\n\n\n<div class=\"wp-block-image\">\n<figure class=\"alignleft size-large is-resized\"><img loading=\"lazy\" decoding=\"async\" width=\"981\" height=\"1024\" src=\"https:\/\/www.diversamente.ch\/wp-content\/uploads\/2024\/03\/immagine-6-981x1024.png\" alt=\"\" class=\"wp-image-1806\" style=\"width:402px;height:auto\" srcset=\"https:\/\/www.diversamente.ch\/wp-content\/uploads\/2024\/03\/immagine-6-981x1024.png 981w, https:\/\/www.diversamente.ch\/wp-content\/uploads\/2024\/03\/immagine-6-287x300.png 287w, https:\/\/www.diversamente.ch\/wp-content\/uploads\/2024\/03\/immagine-6-768x802.png 768w, https:\/\/www.diversamente.ch\/wp-content\/uploads\/2024\/03\/immagine-6.png 1138w\" sizes=\"(max-width: 981px) 100vw, 981px\" \/><\/figure><\/div>\n\n\n<p><a href=\"https:\/\/www.diversamente.ch\/wp-content\/uploads\/2018\/02\/Raccomandazioni_SUPSI_Esprimersi_Diversamente_WEB.pdf\" target=\"_blank\" rel=\"noreferrer noopener\">https:\/\/www.diversamente.ch\/wp-content\/uploads\/2018\/02\/Raccomandazioni_SUPSI_Esprimersi_Diversamente_WEB.pdf<\/a><\/p>\n\n\n\n<p><\/p>\n\n\n\n<p><\/p>\n\n\n\n<h3 class=\"wp-block-heading\"><strong><em>Guardare D! <br> <\/em><\/strong><\/h3>\n\n\n<div class=\"wp-block-image\">\n<figure class=\"alignleft\"><img loading=\"lazy\" decoding=\"async\" width=\"225\" height=\"300\" src=\"http:\/\/www.diversamente.ch\/wp-content\/uploads\/2019\/04\/IMG_1544-225x300.jpg\" alt=\"\" class=\"wp-image-988\" srcset=\"https:\/\/www.diversamente.ch\/wp-content\/uploads\/2019\/04\/IMG_1544-225x300.jpg 225w, https:\/\/www.diversamente.ch\/wp-content\/uploads\/2019\/04\/IMG_1544.jpg 768w\" sizes=\"(max-width: 225px) 100vw, 225px\" \/><\/figure><\/div>\n\n\n<p>\u201c<em>Sguardi diversi sulle diversit\u00e0<\/em>\u201d \u00e8 il principio caratterizzante di \u201c\u2026Diversamente!\u201d ed in questo vi \u00e8 la consapevolezza&nbsp; che \u00e8 anche a \u201csguardi diversi\u201d che l\u2019invisibile pu\u00f2 apparire agli occhi di chi guarda.<\/p>\n\n\n\n<p>&#8230;D! + <strong><em><img loading=\"lazy\" decoding=\"async\" width=\"228\" height=\"82\" class=\"alignnone wp-image-571\" src=\"http:\/\/www.diversamente.ch\/wp-content\/uploads\/2018\/11\/logo_frequenze_nero-300x108.jpg\" alt=\"\" srcset=\"https:\/\/www.diversamente.ch\/wp-content\/uploads\/2018\/11\/logo_frequenze_nero-300x108.jpg 300w, https:\/\/www.diversamente.ch\/wp-content\/uploads\/2018\/11\/logo_frequenze_nero-768x277.jpg 768w, https:\/\/www.diversamente.ch\/wp-content\/uploads\/2018\/11\/logo_frequenze_nero.jpg 989w\" sizes=\"(max-width: 228px) 100vw, 228px\" \/><\/em><\/strong><\/p>\n\n\n\n<p><\/p>\n\n\n\n<p><\/p>\n\n\n\n<h3 class=\"wp-block-heading\"><em><strong>Muoversi D!<\/strong><\/em><\/h3>\n\n\n\n<h4 class=\"wp-block-heading has-text-align-center\"><strong>&lt; flashmob &#8220;tango inclusivo&#8221; prevista per il 28 marzo 2020 annullata a causa delle condizioni sanitarie &gt;<\/strong><\/h4>\n\n\n\n<p><\/p>\n\n\n\n<h3 class=\"wp-block-heading\"> <a href=\"http:\/\/www.diversamente.ch\/wp-content\/uploads\/2022\/03\/4-Concorso_GMA.pdf\">Scopri il Blu<\/a><\/h3>\n\n\n\n<p><strong>Il colore blu<\/strong><br><br>Il blu \u00e8 il colore simbolico dell&#8217;autismo scelto dalle Nazioni unite nel 2007 al momento dell&#8217;istituzone della giornata mondiale. Questa \u00e8 la ragione per cui molte piazze, monumenti o altre cose, in questa giornata si colorano di blu. \u00c8 il caso di molti oggetti esposti negli esercizi delle Citt\u00e0 che partecipano all&#8217;iniziativa\/azione &#8220;Le Citt\u00e0 che includono&#8221;. <\/p>\n\n\n\n<figure class=\"wp-block-image size-large\"><a href=\"https:\/\/www.fondazioneares.com\/la-citta-che-include\/bellinzona-la-citta-che-include\/\"><img loading=\"lazy\" decoding=\"async\" width=\"1024\" height=\"247\" src=\"https:\/\/www.diversamente.ch\/wp-content\/uploads\/2024\/03\/immagine-7-1024x247.png\" alt=\"\" class=\"wp-image-1818\" srcset=\"https:\/\/www.diversamente.ch\/wp-content\/uploads\/2024\/03\/immagine-7-1024x247.png 1024w, https:\/\/www.diversamente.ch\/wp-content\/uploads\/2024\/03\/immagine-7-300x72.png 300w, https:\/\/www.diversamente.ch\/wp-content\/uploads\/2024\/03\/immagine-7-768x186.png 768w, https:\/\/www.diversamente.ch\/wp-content\/uploads\/2024\/03\/immagine-7-1536x371.png 1536w, https:\/\/www.diversamente.ch\/wp-content\/uploads\/2024\/03\/immagine-7.png 1954w\" sizes=\"(max-width: 1024px) 100vw, 1024px\" \/><\/a><\/figure>\n\n\n\n<p>Il blu dovrebbe risvegliare il senso di <em>sicurezza<\/em> (per un&#8217;esistenza libera e allo stesso tempo protetta) e il bisogno di <em>conoscenza<\/em> in tutte le sue accezioni: dall\u2019informazione di base a quella connessa&nbsp; alla ricerca scientifica.<\/p>\n\n\n\n<p><\/p>\n","protected":false},"excerpt":{"rendered":"<p>&#8230; parole, immagini e azioni volte ad evitare il luogo comune, la stigmatizzazione o la negazione della persona in quanto tale. Esprimersi Diversamente! Le parole contano &#8211; Per un linguaggio rispettoso della persona (con disabilit\u00e0) https:\/\/www.diversamente.ch\/wp-content\/uploads\/2018\/02\/Raccomandazioni_SUPSI_Esprimersi_Diversamente_WEB.pdf Guardare D! \u201cSguardi diversi sulle diversit\u00e0\u201d \u00e8 il principio caratterizzante di \u201c\u2026Diversamente!\u201d ed in questo vi \u00e8 la consapevolezza&nbsp; &hellip; <a href=\"https:\/\/www.diversamente.ch\/index.php\/d-azioni\/\" class=\"more-link\">Continue reading <span class=\"screen-reader-text\">Azioni:<\/span><\/a><\/p>\n","protected":false},"author":3,"featured_media":0,"parent":0,"menu_order":0,"comment_status":"closed","ping_status":"closed","template":"","meta":{"footnotes":""},"_links":{"self":[{"href":"https:\/\/www.diversamente.ch\/index.php\/wp-json\/wp\/v2\/pages\/1193"}],"collection":[{"href":"https:\/\/www.diversamente.ch\/index.php\/wp-json\/wp\/v2\/pages"}],"about":[{"href":"https:\/\/www.diversamente.ch\/index.php\/wp-json\/wp\/v2\/types\/page"}],"author":[{"embeddable":true,"href":"https:\/\/www.diversamente.ch\/index.php\/wp-json\/wp\/v2\/users\/3"}],"replies":[{"embeddable":true,"href":"https:\/\/www.diversamente.ch\/index.php\/wp-json\/wp\/v2\/comments?post=1193"}],"version-history":[{"count":0,"href":"https:\/\/www.diversamente.ch\/index.php\/wp-json\/wp\/v2\/pages\/1193\/revisions"}],"wp:attachment":[{"href":"https:\/\/www.diversamente.ch\/index.php\/wp-json\/wp\/v2\/media?parent=1193"}],"curies":[{"name":"wp","href":"https:\/\/api.w.org\/{rel}","templated":true}]}}