{"id":1301,"date":"2020-03-02T09:00:18","date_gmt":"2020-03-02T09:00:18","guid":{"rendered":"http:\/\/www.diversamente.ch\/?page_id=1301"},"modified":"2020-07-24T14:35:37","modified_gmt":"2020-07-24T14:35:37","slug":"d-formazioni-1","status":"publish","type":"page","link":"https:\/\/www.diversamente.ch\/index.php\/d-formazioni-1\/","title":{"rendered":"D! &#8211; Formazione"},"content":{"rendered":"<h2>* A richiesta per amministrazioni e i servizi<em><br \/>\n<\/em><\/h2>\n<h6 style=\"text-align: center;\">Offerta condizionata dalla possibilit\u00e0 di agire in conformit\u00e0 con le disposizioni sanitarie cantonali<\/h6>\n<p>&nbsp;<\/p>\n<p><img loading=\"lazy\" decoding=\"async\" class=\"alignnone wp-image-69\" src=\"http:\/\/www.diversamente.ch\/wp-content\/uploads\/2018\/02\/Logo_ARES-300x97.png\" alt=\"\" width=\"232\" height=\"75\" srcset=\"https:\/\/www.diversamente.ch\/wp-content\/uploads\/2018\/02\/Logo_ARES-300x97.png 300w, https:\/\/www.diversamente.ch\/wp-content\/uploads\/2018\/02\/Logo_ARES.png 320w\" sizes=\"(max-width: 232px) 100vw, 232px\" \/><\/p>\n<p>*Serata informativa-formativa sui Disturbi dello Spettro Autistico offerta su richiesta da ARES. Una serata rivolta alle pubbliche amministrazioni e ad altri funzionari comunali o cantonali costantemente a contatto con un pubblico diversificato. Per informazioni contattare: <em>Fondazione ARES Autismo Ricerca e Sviluppo &lt;info@fondazioneares.com&gt; <\/em>Una novantina di minuti per\u00a0 farsi un\u2019idea di base chiara delle principali caratteristiche di questo tipo di Disturbo e di come si possa considerarle nel facilitare l\u2019interazione fra persone. L\u2019obiettivo di questa possibile azione formativa \u00e8 quello di consentire alla rete dei servizi e magari anche degli esercizi pubblici, delle imprese pubbliche e private, di: \u201caprirsi\u201d in modo progressivo e informato alla diversit\u00e0, facendo proprio il concetto e lo spirito di \u00abAccoglienza Consapevole\u00bb; conoscere le strategie pi\u00f9 comuni che possono essere messe in atto per comunicare meglio e per mantenere una relazione positiva. La conoscenza ad esempio che vi possano essere delle sensibilit\u00e0 sensoriali particolari, pu\u00f2 evitare che delle reazioni a stimoli ambientali, che ai pi\u00f9 fuggono, vengano scambiati per comportamenti poco collaborativi.<\/p>\n<p>&nbsp;<\/p>\n","protected":false},"excerpt":{"rendered":"<p>* A richiesta per amministrazioni e i servizi Offerta condizionata dalla possibilit\u00e0 di agire in conformit\u00e0 con le disposizioni sanitarie cantonali &nbsp; *Serata informativa-formativa sui Disturbi dello Spettro Autistico offerta su richiesta da ARES. Una serata rivolta alle pubbliche amministrazioni e ad altri funzionari comunali o cantonali costantemente a contatto con un pubblico diversificato. Per &hellip; <a href=\"https:\/\/www.diversamente.ch\/index.php\/d-formazioni-1\/\" class=\"more-link\">Continue reading <span class=\"screen-reader-text\">D! &#8211; Formazione<\/span><\/a><\/p>\n","protected":false},"author":3,"featured_media":0,"parent":0,"menu_order":0,"comment_status":"closed","ping_status":"closed","template":"","meta":{"footnotes":""},"_links":{"self":[{"href":"https:\/\/www.diversamente.ch\/index.php\/wp-json\/wp\/v2\/pages\/1301"}],"collection":[{"href":"https:\/\/www.diversamente.ch\/index.php\/wp-json\/wp\/v2\/pages"}],"about":[{"href":"https:\/\/www.diversamente.ch\/index.php\/wp-json\/wp\/v2\/types\/page"}],"author":[{"embeddable":true,"href":"https:\/\/www.diversamente.ch\/index.php\/wp-json\/wp\/v2\/users\/3"}],"replies":[{"embeddable":true,"href":"https:\/\/www.diversamente.ch\/index.php\/wp-json\/wp\/v2\/comments?post=1301"}],"version-history":[{"count":8,"href":"https:\/\/www.diversamente.ch\/index.php\/wp-json\/wp\/v2\/pages\/1301\/revisions"}],"predecessor-version":[{"id":1342,"href":"https:\/\/www.diversamente.ch\/index.php\/wp-json\/wp\/v2\/pages\/1301\/revisions\/1342"}],"wp:attachment":[{"href":"https:\/\/www.diversamente.ch\/index.php\/wp-json\/wp\/v2\/media?parent=1301"}],"curies":[{"name":"wp","href":"https:\/\/api.w.org\/{rel}","templated":true}]}}