{"id":1363,"date":"2021-06-25T14:40:48","date_gmt":"2021-06-25T14:40:48","guid":{"rendered":"http:\/\/www.diversamente.ch\/?page_id=1363"},"modified":"2024-03-24T07:46:34","modified_gmt":"2024-03-24T07:46:34","slug":"rassegna-2021","status":"publish","type":"page","link":"https:\/\/www.diversamente.ch\/index.php\/rassegna-2021\/","title":{"rendered":"RASSEGNA VENTI21"},"content":{"rendered":"\n<p>&#8220;Diversamente ! Venti21&#8221; un&#8217;edizione difficile da immaginare a priori per forme, luoghi e tempi di eventi e proposte quasi mai definitive e certe &#8230; non solo in ambito culturale. Una rassegna di cose fortemente volute: &#8220;a prescindere&#8221;!<\/p>\n\n\n\n<p><em>Tutti dovrebbero avere la possibilit\u00e0 di esprimere se stessi. Nessuno dovrebbe essere costretto a rimanere chiuso nel suo guscio. E\u2019 come per la farfalla che vuole liberarsi dal bozzolo e volare libera. Gli istituti e la societ\u00e0 vogliono tenerti nel bozzolo ma la farfalla lotta per la sua libert\u00e0.\u201d<\/em><\/p>\n\n\n\n<p>Daniele Zanella<\/p>\n\n\n\n<p>IO PINOCCHIO &#8211; <a href=\"http:\/\/teatrodanzabile.ch\/La-compagnia?MasterId=g1_48\">Teatro Danzabile<img loading=\"lazy\" decoding=\"async\" class=\"alignnone wp-image-1239\" src=\"http:\/\/www.diversamente.ch\/wp-content\/uploads\/2020\/02\/Logo-Danzabile-294x300.jpeg\" alt=\"\" width=\"194\" height=\"198\" srcset=\"https:\/\/www.diversamente.ch\/wp-content\/uploads\/2020\/02\/Logo-Danzabile-294x300.jpeg 294w, https:\/\/www.diversamente.ch\/wp-content\/uploads\/2020\/02\/Logo-Danzabile.jpeg 481w\" sizes=\"(max-width: 194px) 100vw, 194px\" \/>settembre 2021 <\/a><\/p>\n\n\n\n<p><a href=\"http:\/\/teatrodanzabile.ch\/La-compagnia?MasterId=g1_48\">venerdi 3settembre sabato 4settembre (ore 20.30) _&nbsp;<\/a>domenica 5settembre (ore 18.00) TEATRO FOCE<\/p>\n\n\n\n<figure class=\"wp-block-table\"><table><tbody><tr><td>Regia:<\/td><td>Emanuel Rosenberg<\/td><\/tr><tr><td>Ideazione:<\/td><td>Daniele Zanella, Emanuel Rosenberg<\/td><\/tr><tr><td>Testo:<\/td><td>Daniele Zanella<\/td><\/tr><tr><td>Interpreti:<\/td><td>Viviana Gysin, Daniele Zanella, Cristiana Zenari<\/td><\/tr><\/tbody><\/table><\/figure>\n\n\n\n<figure class=\"wp-block-image\"><a href=\"http:\/\/teatrodanzabile.ch\/IO-PINOCCHIO-17887900\"><img loading=\"lazy\" decoding=\"async\" width=\"217\" height=\"300\" src=\"http:\/\/www.diversamente.ch\/wp-content\/uploads\/2020\/02\/front_IO_PINOCCIO-1-217x300.jpg\" alt=\"\" class=\"wp-image-1240\" srcset=\"https:\/\/www.diversamente.ch\/wp-content\/uploads\/2020\/02\/front_IO_PINOCCIO-1-217x300.jpg 217w, https:\/\/www.diversamente.ch\/wp-content\/uploads\/2020\/02\/front_IO_PINOCCIO-1.jpg 635w\" sizes=\"(max-width: 217px) 100vw, 217px\" \/><\/a><\/figure>\n\n\n\n<figure class=\"wp-block-image\"><a href=\"http:\/\/teatrodanzabile.ch\/IO-PINOCCHIO-17887900\"><img loading=\"lazy\" decoding=\"async\" width=\"300\" height=\"200\" src=\"http:\/\/www.diversamente.ch\/wp-content\/uploads\/2020\/02\/foto3_IO_PINOCCHIO-Teatro_Danzabile-300x200.jpg\" alt=\"\" class=\"wp-image-1243\" srcset=\"https:\/\/www.diversamente.ch\/wp-content\/uploads\/2020\/02\/foto3_IO_PINOCCHIO-Teatro_Danzabile-300x200.jpg 300w, https:\/\/www.diversamente.ch\/wp-content\/uploads\/2020\/02\/foto3_IO_PINOCCHIO-Teatro_Danzabile-768x512.jpg 768w, https:\/\/www.diversamente.ch\/wp-content\/uploads\/2020\/02\/foto3_IO_PINOCCHIO-Teatro_Danzabile.jpg 900w\" sizes=\"(max-width: 300px) 100vw, 300px\" \/><\/a><\/figure>\n\n\n<div class=\"wp-block-image\">\n<figure class=\"aligncenter\"><img loading=\"lazy\" decoding=\"async\" width=\"256\" height=\"152\" src=\"http:\/\/www.diversamente.ch\/wp-content\/uploads\/2021\/07\/orme-21.png\" alt=\"\" class=\"wp-image-1372\"\/><\/figure><\/div>\n\n\n<h4 class=\"wp-block-heading\"><a href=\"https:\/\/www.ormefestival.ch\/\">26-30 maggio &#8211; ORME Festival internazionale di arti inclusive<\/a><\/h4>\n\n\n\n<p class=\"has-text-align-center\">ORME &#8211; Servizio cultura inclusiva pro infirmis &#8211; SUPSI CCBESS progetto pilota ReCiTi : Rete cultura inclusiva in Ticino &#8211; pro infirmis e CCBESS della SUPSI<\/p>\n\n\n<div class=\"wp-block-image\">\n<figure class=\"aligncenter\"><a href=\"https:\/\/youtu.be\/IDrf6VnA6Kk\"><img loading=\"lazy\" decoding=\"async\" width=\"300\" height=\"134\" src=\"http:\/\/www.diversamente.ch\/wp-content\/uploads\/2021\/07\/primo-incontro-300x134.png\" alt=\"\" class=\"wp-image-1374\" srcset=\"https:\/\/www.diversamente.ch\/wp-content\/uploads\/2021\/07\/primo-incontro-300x134.png 300w, https:\/\/www.diversamente.ch\/wp-content\/uploads\/2021\/07\/primo-incontro.png 611w\" sizes=\"(max-width: 300px) 100vw, 300px\" \/><\/a><\/figure><\/div>\n\n\n<p class=\"has-text-align-center\"><a href=\"https:\/\/www.kulturinklusiv.ch\/admin\/data\/files\/page_editorial_block_file\/file_it\/371\/20210929_dsfa_cs_reteculturainclusivaticino-(1).pdf?lm=1632908535\">&lt;clicca qui per informazioni&gt;<\/a><\/p>\n\n\n\n<h3 class=\"wp-block-heading\"><a href=\"https:\/\/www.kulturinklusiv.ch\/it\/tools-298.html\">CH-CULTURA INCLUSIVA -Pro Infirmis<\/a><\/h3>\n\n\n\n<p class=\"has-text-align-center\">L\u2019inclusione in ambito culturale \u00e8 un processo. Le istituzioni culturali titolari del marchio \u00abCultura inclusiva\u00bb si adoperano nell\u2019atteggiamento, nelle azioni e d\u2019intesa con persone con disabilit\u00e0 per assicurare al loro interno l\u2019accessibilit\u00e0 e la partecipazione a lungo termine.&nbsp; Questo processo pu\u00f2 per\u00f2 essere avviato e portato avanti da tutte le istituzioni culturali, anche da quelle che non sono titolari del marchio. Gli strumenti per una maggiore inclusione in ambito culturale sono a disposizione di tutti, gratuitamente. Basta cliccare <a href=\"https:\/\/www.kulturinklusiv.ch\/it\/tools-298.html\" target=\"_self\" rel=\"noopener\">qui<\/a>.<\/p>\n\n\n<div class=\"wp-block-image\">\n<figure class=\"aligncenter\"><a href=\"https:\/\/www.outside-thebox.ch\/loulou\/\"><img loading=\"lazy\" decoding=\"async\" width=\"211\" height=\"300\" src=\"http:\/\/www.diversamente.ch\/wp-content\/uploads\/2020\/02\/LouLou-211x300.jpg\" alt=\"\" class=\"wp-image-1278\" srcset=\"https:\/\/www.diversamente.ch\/wp-content\/uploads\/2020\/02\/LouLou-211x300.jpg 211w, https:\/\/www.diversamente.ch\/wp-content\/uploads\/2020\/02\/LouLou.jpg 400w\" sizes=\"(max-width: 211px) 100vw, 211px\" \/><\/a><\/figure><\/div>\n\n\n<p class=\"has-text-align-center\"><\/p>\n\n\n\n<p class=\"has-text-align-center\"><strong>Nathan diagnosticato schizofrenico paranoico.&nbsp; <\/strong><strong>Ora sta meglio, prima era molto peggio.Filma se stesso, i suoi parenti in ospedale, il suo migliore amico bipolare, suo padre, sua madre e il suo amore. Grazie a loro, comincia a diventare un uomo invece che un pazzo. Per Nathan, ognuno \u00e8 un &#8220;loulou&#8221;, a modo suo.<\/strong><\/p>\n\n\n\n<p class=\"has-text-align-center\">2019<br>\nSuisse<br>\n70 minutes<\/p>\n","protected":false},"excerpt":{"rendered":"<p>&#8220;Diversamente ! Venti21&#8221; un&#8217;edizione difficile da immaginare a priori per forme, luoghi e tempi di eventi e proposte quasi mai definitive e certe &#8230; non solo in ambito culturale. Una rassegna di cose fortemente volute: &#8220;a prescindere&#8221;! Tutti dovrebbero avere la possibilit\u00e0 di esprimere se stessi. Nessuno dovrebbe essere costretto a rimanere chiuso nel suo &hellip; <a href=\"https:\/\/www.diversamente.ch\/index.php\/rassegna-2021\/\" class=\"more-link\">Continue reading <span class=\"screen-reader-text\">RASSEGNA VENTI21<\/span><\/a><\/p>\n","protected":false},"author":3,"featured_media":0,"parent":0,"menu_order":0,"comment_status":"closed","ping_status":"closed","template":"","meta":{"footnotes":""},"_links":{"self":[{"href":"https:\/\/www.diversamente.ch\/index.php\/wp-json\/wp\/v2\/pages\/1363"}],"collection":[{"href":"https:\/\/www.diversamente.ch\/index.php\/wp-json\/wp\/v2\/pages"}],"about":[{"href":"https:\/\/www.diversamente.ch\/index.php\/wp-json\/wp\/v2\/types\/page"}],"author":[{"embeddable":true,"href":"https:\/\/www.diversamente.ch\/index.php\/wp-json\/wp\/v2\/users\/3"}],"replies":[{"embeddable":true,"href":"https:\/\/www.diversamente.ch\/index.php\/wp-json\/wp\/v2\/comments?post=1363"}],"version-history":[{"count":15,"href":"https:\/\/www.diversamente.ch\/index.php\/wp-json\/wp\/v2\/pages\/1363\/revisions"}],"predecessor-version":[{"id":1714,"href":"https:\/\/www.diversamente.ch\/index.php\/wp-json\/wp\/v2\/pages\/1363\/revisions\/1714"}],"wp:attachment":[{"href":"https:\/\/www.diversamente.ch\/index.php\/wp-json\/wp\/v2\/media?parent=1363"}],"curies":[{"name":"wp","href":"https:\/\/api.w.org\/{rel}","templated":true}]}}