{"id":24,"date":"2018-02-05T10:35:15","date_gmt":"2018-02-05T10:35:15","guid":{"rendered":"http:\/\/www.diversamente.ch\/?page_id=24"},"modified":"2024-03-21T13:06:04","modified_gmt":"2024-03-21T13:06:04","slug":"home","status":"publish","type":"page","link":"https:\/\/www.diversamente.ch\/index.php\/home\/","title":{"rendered":""},"content":{"rendered":"\n<figure class=\"wp-block-image\"><img loading=\"lazy\" decoding=\"async\" width=\"300\" height=\"119\" src=\"http:\/\/www.diversamente.ch\/wp-content\/uploads\/2018\/11\/Schermata-2018-11-05-alle-23.42.22-300x119.png\" alt=\"\" class=\"wp-image-496\" srcset=\"https:\/\/www.diversamente.ch\/wp-content\/uploads\/2018\/11\/Schermata-2018-11-05-alle-23.42.22-300x119.png 300w, https:\/\/www.diversamente.ch\/wp-content\/uploads\/2018\/11\/Schermata-2018-11-05-alle-23.42.22.png 382w\" sizes=\"(max-width: 300px) 100vw, 300px\" \/><\/figure>\n\n\n\n<p>&#8230; Diversamente!\u00a0 si sviluppa nel solco dell\u2019idea che ogni persona \u00e8 solo parzialmente conosciuta da chi l&#8217;attornia e che i pregiudizi e i luoghi comuni, cos\u00ec o altre inopportune <em>scorciatoie della mente<\/em>, possono anche precludere all&#8217;evidenza soggettiva di prodursi e alla persona di essere considerata da chi l&#8217;attornia o l&#8217;incontra anche &#8230; <em>diversament<\/em><strong><em>e!<\/em><br><\/strong><\/p>\n\n\n\n<figure class=\"wp-block-image\"><img loading=\"lazy\" decoding=\"async\" width=\"300\" height=\"110\" src=\"http:\/\/www.diversamente.ch\/wp-content\/uploads\/2020\/02\/LogoDiversamente-orizzontale-300x110.png\" alt=\"\" class=\"wp-image-1228\" srcset=\"https:\/\/www.diversamente.ch\/wp-content\/uploads\/2020\/02\/LogoDiversamente-orizzontale-300x110.png 300w, https:\/\/www.diversamente.ch\/wp-content\/uploads\/2020\/02\/LogoDiversamente-orizzontale-768x282.png 768w, https:\/\/www.diversamente.ch\/wp-content\/uploads\/2020\/02\/LogoDiversamente-orizzontale.png 807w\" sizes=\"(max-width: 300px) 100vw, 300px\" \/><\/figure>\n\n\n\n<p>Reazioni, pensieri ed emozioni pi\u00f9 o meno coscienti, associate ad aspetti puntuali che caratterizzano la persona, arrischiano di assimilare il tutto a uno specifico, di subordinare la persona al tratto, negandola in quanto tale, di sostantivare una caratteristica particolare e di trascurane mille altre che, singolarmente e di concorso, sono almeno altrettanto qualificanti. <br>Le attenzioni che portiamo alle persone <em>conformi o diverse rispetto ad una norma<\/em> <em>data,<\/em> definita sulla base di criteri unificanti quali le abilit\u00e0, il genere, l\u2019etnia, la razza, lo status sociale, l\u2019orientamento sessuale, la religione, ecc&#8230; sono senza alcun ombra di dubbio una delle principali testimonianze dell\u2019evoluzione della considerazione delle diversit\u00e0 nella cultura e nei valori umani delle societ\u00e0. <br><br>Un&#8217;evoluzione forse mai conclusa ma da riconoscere e valorizzare per tutto quanto di originale e complementare porta ad ogni singola cultura e alla costituzione e ridefinizione della trama di fondo delle societ\u00e0 civili.<\/p>\n\n\n<div class=\"wp-block-image\">\n<figure class=\"aligncenter is-resized\"><img loading=\"lazy\" decoding=\"async\" width=\"300\" height=\"194\" src=\"http:\/\/www.diversamente.ch\/wp-content\/uploads\/2018\/03\/03032018-1-300x194.png\" alt=\"\" class=\"wp-image-387\" style=\"width:726px;height:auto\" srcset=\"https:\/\/www.diversamente.ch\/wp-content\/uploads\/2018\/03\/03032018-1-300x194.png 300w, https:\/\/www.diversamente.ch\/wp-content\/uploads\/2018\/03\/03032018-1-768x497.png 768w, https:\/\/www.diversamente.ch\/wp-content\/uploads\/2018\/03\/03032018-1.png 992w\" sizes=\"(max-width: 300px) 100vw, 300px\" \/><\/figure><\/div>\n\n\n<p><strong>Concerto delle orchestre sinfoniche \u201c<a href=\"http:\/\/www.diversamente.ch\/wp-content\/uploads\/2018\/02\/LaNotaInPiu_Locarno2018.pdf\">La nota in pi\u00f9\u201d (Chiesa di San Francesco a Locarno) &#8211; D!2018 &lt;clicca per la presentazione&gt;<\/a><\/strong><\/p>\n\n\n\n<h1 class=\"wp-block-heading\">Reciprocit\u00e0 degli sguardi<\/h1>\n\n\n\n<p>L&#8217;interessarsi alle diversit\u00e0 nelle persone, nelle cose, nel modo di cogliere le persone e le cose, la relazione con l\u2019altro e con se stessi <em>&#8230;diversamente &#8211; <\/em>ossia non per delimitare i <em>confini<\/em> della norma e dell&#8217;incontro ma per riconoscerne i limiti e le limitazioni ed andare oltre &#8211; pu\u00f2 portare a considerare le diverse realt\u00e0 umane come altrettanti fattori di arricchimento individuale coscienti che \u00e8 unicamente nella reciprocit\u00e0 degli sguardi che i processi mentali e gli orizzonti culturali possono incontrarsi e arricchirsi reciprocamente oltre e grazie anche alle differenze iniziali o permanenti.<\/p>\n\n\n<div class=\"wp-block-image\">\n<figure class=\"aligncenter is-resized\"><img loading=\"lazy\" decoding=\"async\" width=\"300\" height=\"169\" src=\"http:\/\/www.diversamente.ch\/wp-content\/uploads\/2019\/12\/nadia2-300x169.png\" alt=\"\" class=\"wp-image-1114\" style=\"width:416px;height:auto\" srcset=\"https:\/\/www.diversamente.ch\/wp-content\/uploads\/2019\/12\/nadia2-300x169.png 300w, https:\/\/www.diversamente.ch\/wp-content\/uploads\/2019\/12\/nadia2-768x432.png 768w, https:\/\/www.diversamente.ch\/wp-content\/uploads\/2019\/12\/nadia2.png 850w\" sizes=\"(max-width: 300px) 100vw, 300px\" \/><\/figure><\/div>\n\n<div class=\"wp-block-image\">\n<figure class=\"aligncenter is-resized\"><img loading=\"lazy\" decoding=\"async\" width=\"300\" height=\"200\" src=\"http:\/\/www.diversamente.ch\/wp-content\/uploads\/2019\/03\/MarionBaruch-300x200.jpeg\" alt=\"\" class=\"wp-image-933\" style=\"width:567px;height:auto\" srcset=\"https:\/\/www.diversamente.ch\/wp-content\/uploads\/2019\/03\/MarionBaruch-300x200.jpeg 300w, https:\/\/www.diversamente.ch\/wp-content\/uploads\/2019\/03\/MarionBaruch-768x512.jpeg 768w, https:\/\/www.diversamente.ch\/wp-content\/uploads\/2019\/03\/MarionBaruch-1024x682.jpeg 1024w, https:\/\/www.diversamente.ch\/wp-content\/uploads\/2019\/03\/MarionBaruch.jpeg 1280w\" sizes=\"(max-width: 300px) 100vw, 300px\" \/><\/figure><\/div>\n\n<div class=\"wp-block-image is-style-rounded\">\n<figure class=\"alignright is-resized\"><img loading=\"lazy\" decoding=\"async\" width=\"211\" height=\"300\" src=\"http:\/\/www.diversamente.ch\/wp-content\/uploads\/2020\/02\/LouLou-211x300.jpg\" alt=\"\" class=\"wp-image-1278\" style=\"width:205px;height:auto\" srcset=\"https:\/\/www.diversamente.ch\/wp-content\/uploads\/2020\/02\/LouLou-211x300.jpg 211w, https:\/\/www.diversamente.ch\/wp-content\/uploads\/2020\/02\/LouLou.jpg 400w\" sizes=\"(max-width: 211px) 100vw, 211px\" \/><\/figure><\/div>\n\n\n<figure class=\"wp-block-image is-resized\"><img loading=\"lazy\" decoding=\"async\" width=\"300\" height=\"225\" src=\"http:\/\/www.diversamente.ch\/wp-content\/uploads\/2018\/11\/IMG_9318-300x225.jpg\" alt=\"\" class=\"wp-image-547\" style=\"width:218px;height:auto\" srcset=\"https:\/\/www.diversamente.ch\/wp-content\/uploads\/2018\/11\/IMG_9318-300x225.jpg 300w, https:\/\/www.diversamente.ch\/wp-content\/uploads\/2018\/11\/IMG_9318.jpg 640w\" sizes=\"(max-width: 300px) 100vw, 300px\" \/><\/figure>\n\n\n<div class=\"wp-block-image\">\n<figure class=\"aligncenter is-resized\"><img loading=\"lazy\" decoding=\"async\" width=\"217\" height=\"300\" src=\"http:\/\/www.diversamente.ch\/wp-content\/uploads\/2020\/02\/front_IO_PINOCCIO-1-217x300.jpg\" alt=\"\" class=\"wp-image-1240\" style=\"width:210px;height:auto\" srcset=\"https:\/\/www.diversamente.ch\/wp-content\/uploads\/2020\/02\/front_IO_PINOCCIO-1-217x300.jpg 217w, https:\/\/www.diversamente.ch\/wp-content\/uploads\/2020\/02\/front_IO_PINOCCIO-1.jpg 635w\" sizes=\"(max-width: 217px) 100vw, 217px\" \/><\/figure><\/div>","protected":false},"excerpt":{"rendered":"<p>&#8230; Diversamente!\u00a0 si sviluppa nel solco dell\u2019idea che ogni persona \u00e8 solo parzialmente conosciuta da chi l&#8217;attornia e che i pregiudizi e i luoghi comuni, cos\u00ec o altre inopportune scorciatoie della mente, possono anche precludere all&#8217;evidenza soggettiva di prodursi e alla persona di essere considerata da chi l&#8217;attornia o l&#8217;incontra anche &#8230; diversamente! Reazioni, pensieri &hellip; <a href=\"https:\/\/www.diversamente.ch\/index.php\/home\/\" class=\"more-link\">Continue reading <span class=\"screen-reader-text\"><\/span><\/a><\/p>\n","protected":false},"author":3,"featured_media":0,"parent":0,"menu_order":0,"comment_status":"closed","ping_status":"closed","template":"","meta":{"footnotes":""},"_links":{"self":[{"href":"https:\/\/www.diversamente.ch\/index.php\/wp-json\/wp\/v2\/pages\/24"}],"collection":[{"href":"https:\/\/www.diversamente.ch\/index.php\/wp-json\/wp\/v2\/pages"}],"about":[{"href":"https:\/\/www.diversamente.ch\/index.php\/wp-json\/wp\/v2\/types\/page"}],"author":[{"embeddable":true,"href":"https:\/\/www.diversamente.ch\/index.php\/wp-json\/wp\/v2\/users\/3"}],"replies":[{"embeddable":true,"href":"https:\/\/www.diversamente.ch\/index.php\/wp-json\/wp\/v2\/comments?post=24"}],"version-history":[{"count":158,"href":"https:\/\/www.diversamente.ch\/index.php\/wp-json\/wp\/v2\/pages\/24\/revisions"}],"predecessor-version":[{"id":1603,"href":"https:\/\/www.diversamente.ch\/index.php\/wp-json\/wp\/v2\/pages\/24\/revisions\/1603"}],"wp:attachment":[{"href":"https:\/\/www.diversamente.ch\/index.php\/wp-json\/wp\/v2\/media?parent=24"}],"curies":[{"name":"wp","href":"https:\/\/api.w.org\/{rel}","templated":true}]}}