{"id":705,"date":"2019-02-14T09:22:43","date_gmt":"2019-02-14T09:22:43","guid":{"rendered":"http:\/\/www.diversamente.ch\/?page_id=705"},"modified":"2024-11-19T13:44:21","modified_gmt":"2024-11-19T13:44:21","slug":"13-14-aprile-giornata-mondiale-dellautismo","status":"publish","type":"page","link":"https:\/\/www.diversamente.ch\/index.php\/13-14-aprile-giornata-mondiale-dellautismo\/","title":{"rendered":"12-13 aprile Giornata mondiale per la consapevolezza dell&#8217;Autismo &#8217;19"},"content":{"rendered":"\n<figure class=\"wp-block-image\"><img loading=\"lazy\" decoding=\"async\" width=\"225\" height=\"300\" src=\"http:\/\/www.diversamente.ch\/wp-content\/uploads\/2019\/04\/IMG_1543-225x300.jpg\" alt=\"\" class=\"wp-image-989\" srcset=\"https:\/\/www.diversamente.ch\/wp-content\/uploads\/2019\/04\/IMG_1543-225x300.jpg 225w, https:\/\/www.diversamente.ch\/wp-content\/uploads\/2019\/04\/IMG_1543.jpg 768w\" sizes=\"(max-width: 225px) 100vw, 225px\" \/><\/figure>\n\n\n\n<p><a href=\"http:\/\/www.diversamente.ch\/wp-content\/uploads\/2019\/04\/Locandina-Giornatamondialeautismo_2019.pdf\">&lt;scarica locandina-programma&gt;<\/a><\/p>\n\n\n\n<p>12-13 aprile \/ Chiasso<\/p>\n\n\n\n<p><em>Incontri formativi e informativi, <strong>spettacoli teatrali<\/strong> ed altri eventi culturali e aggregativi aperti al pubblico, costituiscono il palinsesto delle manifestazioni per&nbsp; sensibilizzare l\u2019opinione pubblica, la realt\u00e0 economica e sociale nonch\u00e9 la scuola, sul tema dell\u2019inclusione, costruendo insieme una cultura che avvicini all\u2019altro, che valorizzi il potenziale di ciascuno al fine di costruire relazioni libere da pregiudizi. Favorire tale approccio significa generare benessere per tutti, per chi ci appare \u00abdiverso\u00bb ma anche per tutta la collettivit\u00e0. A<\/em><em> cura della Tavola Rotonda per i problemi dell\u2019Autismo. <\/em><\/p>\n\n\n\n<p><em>Coordinamento:&nbsp; <\/em><em>Rosy Pozzi\/Fondazione ARES- e Elisa Volonterio\/Comune di Chiasso.<\/em><\/p>\n\n\n\n<p><strong>Prologo &#8211; 2 aprile &#8211; <\/strong>In occasione della Giornata Mondiale per la consapevolezza dell\u2019Autismo indetta dall\u2019ONU nel 2007 (2 aprile), nelle principali citt\u00e0 ed in molti comuni del Cantone una <em><strong>luce Blu<\/strong><\/em> sar\u00e0 accesa in luoghi significativi per sottoscrivere il sostegno alla causa.<\/p>\n\n\n\n<h3 class=\"wp-block-heading\">Programma<\/h3>\n\n\n\n<h4 class=\"wp-block-heading\"><strong>Martedi 9 aprile <\/strong><\/h4>\n\n\n\n<p><strong>Scuola elmentare<\/strong> (9.00-11.00; 14.00-16.00) Scuola media (15.25-16.15) -Proiezione riservata ad alcune classi delle scuole (video breve documentario \u201c<em><strong>Il Re del mercato<\/strong><\/em>\u201d) e intervento di pedagogisti ARES.<\/p>\n\n\n\n<h3 class=\"wp-block-heading\">Venerdi 12 aprile &#8211; Spettacoli teatrali al Cinema Teatro Chiasso<\/h3>\n\n\n\n<h4 class=\"wp-block-heading\">9.30-11.30 &#8211; Cinema Teatro, Chiasso <strong><em>\u00abFeynman\u00bb \u2013<\/em><\/strong><strong> <em>L\u2019uomo che fece sparire l\u2019infinito<\/em><\/strong> Di Valentina Fratini.<\/h4>\n\n\n<div class=\"wp-block-image\">\n<figure class=\"alignleft\"><img loading=\"lazy\" decoding=\"async\" width=\"213\" height=\"300\" src=\"http:\/\/www.diversamente.ch\/wp-content\/uploads\/2019\/03\/feynman_2019-213x300.jpg\" alt=\"\" class=\"wp-image-970\" srcset=\"https:\/\/www.diversamente.ch\/wp-content\/uploads\/2019\/03\/feynman_2019-213x300.jpg 213w, https:\/\/www.diversamente.ch\/wp-content\/uploads\/2019\/03\/feynman_2019.jpg 604w\" sizes=\"(max-width: 213px) 100vw, 213px\" \/><\/figure><\/div>\n\n\n<p><em>SINOSSI: u<\/em><em>n ragazzo con la sindrome di Asperger sale su un\u2019impalcatura con l\u2019intento di porre fine alla sua vita gettandosi nel vuoto. Un attimo prima che lui salti, per\u00f2, compare al suo fianco Richard Feynman, il poliedrico premio Nobel che, con la sua contagiosa energia, sar\u00e0 in grado di cambiargli la vita.<\/em><\/p>\n\n\n\n<p>Spettacolo teatrale e tavola rotonda. Intervengono: Chiara Mangione, Traduttrice e advocate: Persona nello Spettro; Claudio Zarlocci, Regista ed esperto di Sindrome di Asperger e Teatro, Compagnia teatrale \u00abSpazio Asperger ONLUS\u00bb. Claudio Cattaneo, Direttore Fondazione ARES; Francesca Gerosa, Pedagogista della Fondazione ARES. Moderatore: Mattia Mengoni, Docente SUPSI, Direttore Istituto Miralago.<\/p>\n\n\n\n<h4 class=\"wp-block-heading\">14.00-16.30 &#8211; Cinema Teatro, Chiasso (aperto alle scuole) <strong>\u201c<em>Temple Grandin \u2013 Il mondo ha bisogno di tutti i tipi di mente\u201d <\/em><\/strong>di Valentina Fratini<strong>. <\/strong><\/h4>\n\n\n<div class=\"wp-block-image\">\n<figure class=\"alignleft\"><img loading=\"lazy\" decoding=\"async\" width=\"209\" height=\"300\" src=\"http:\/\/www.diversamente.ch\/wp-content\/uploads\/2019\/03\/Schermata-2019-03-15-alle-11.08.58-209x300.png\" alt=\"\" class=\"wp-image-889\" srcset=\"https:\/\/www.diversamente.ch\/wp-content\/uploads\/2019\/03\/Schermata-2019-03-15-alle-11.08.58-209x300.png 209w, https:\/\/www.diversamente.ch\/wp-content\/uploads\/2019\/03\/Schermata-2019-03-15-alle-11.08.58.png 324w\" sizes=\"(max-width: 209px) 100vw, 209px\" \/><\/figure><\/div>\n\n\n<p>Spettacolo teatrale <strong>a cura della Compagnia teatrale \u00abSpazio Asperger ONLUS\u00bb. <\/strong>Segue breve dibattito con esperti e docenti.<\/p>\n\n\n\n<h4 class=\"wp-block-heading\">20.30-22.00 &#8211; Cinema teatro, Chiasso.&nbsp; <strong>\u201c<em>Temple Grandin \u2013 Il mondo ha bisogno di tutti i tipi di mente\u201d.<\/em> <\/strong><\/h4>\n\n\n\n<p>Spettacolo teatrale aperto al pubblico (entrata libera) . Lo spettacolo \u00e8 o<strong>fferto da Banca Stato e dalla Citt\u00e0 di Chiasso. <\/strong>Segue breve dibattito con gli esperti, il regista e l\u2019autrice.<\/p>\n\n\n\n<h3 class=\"wp-block-heading\"><strong>Sabato 13 aprile <\/strong><\/h3>\n\n\n\n<h4 class=\"wp-block-heading\"><strong>Approfondimento tematico: <em>\u201cIl gioco e l\u2019Apprendimento\u201d<\/em><br>\n<\/strong><\/h4>\n\n\n\n<p><strong>14.30-16.30 <\/strong><strong>&#8211;&nbsp;Foyer Cinema Teatro Chiasso<\/strong><em><strong> &#8211; Conferenza<\/strong><\/em><\/p>\n\n\n\n<p>Moderatore: Paolo Bernasconi, Operatore Sociale SUPSI, CAS in Animazione dei processi creativi nel lavoro formativo, sociale e sanitario. Segretario Generale e formatore dei CEMEA del Canton Ticino. Con Liliana Ruta, PhD \u2013 Ricercatore CNR-ISASI Messina; Emmanuelle Rossini-Drecq \u2013 Docente Ricercatrice SUPSI; Michele Mainardi, PhD \u2013&nbsp; Professore SUPSI\/CCBESS\/DFA.<\/p>\n\n\n\n<h4 class=\"wp-block-heading\"><strong>In parallelo:<\/strong><\/h4>\n\n\n\n<ul>\n<li><strong>dalle 10.30<\/strong> \/ <strong>m.a.x.museo<\/strong> <strong>Mamma, pap\u00e0 e beb\u00e8 al museo: Franco Grignani (1908-1999)&nbsp;<em>Polisensorialit\u00e0 fra arte, grafica e fotografia. V<\/em><\/strong>isita guidata a misura di famiglie con beb\u00e8, passeggini e carrozzine.<\/li>\n\n\n\n<li><strong>14.00-17.00 \/ Sala Diego Chiesa<\/strong> &#8211; Asilo Inclusivo e Atelier bambini inclusivo a cura di Atgabbes.<\/li>\n\n\n\n<li><strong>13.00-18.00 \/ Piazza m.a.x.museo<\/strong>&nbsp; &#8211; <strong>Performances musicali<\/strong> con la <em>NINFEA BLUES BAND <\/em>(OTAF) e la POP MUSIC SCHOOL di<em> Paolo Meneguzzi<\/em>. &#8211; <strong>Mercato AR-TI \/ Artigiani del Ticino e Bancarelle di Enti e Istituzioni<\/strong>.<\/li>\n\n\n\n<li><strong>dalle 10.30<\/strong> \/ <strong>m.a.x.museo<\/strong> Mamma, pap\u00e0 e beb\u00e8 al museo<strong>Franco Grignani (1908-1999)&nbsp;Polisensorialit\u00e0 fra arte, grafica e fotografia <\/strong>visita guidata a misura di famiglie con beb\u00e8, passeggini e carrozzine<em>aperitivo analcolico finale<\/em><\/li>\n<\/ul>\n\n\n\n<h4 class=\"wp-block-heading\"><strong>A seguire:<\/strong><\/h4>\n\n\n\n<p><strong>16.30-17.30 \/ Spazio Officina<\/strong> &#8211; <strong>Visita guidata alla mostra di Paolo Bellini:<\/strong> Scultura Sinestetica con la Direttrice Nicoletta Ossanna Cavadini.<\/p>\n\n\n\n<h4 class=\"wp-block-heading\"><strong>Premiazione e chiusura della giornata<\/strong><\/h4>\n\n\n\n<p>A chiudere la manifestazione ci sar\u00e0 il <strong>saluto ufficiale<\/strong> da parte della Citt\u00e0 di Chasso, la <strong>proclamazione pubblica dei <\/strong>vincitori del concorso fotografico<em> sguardi diversi sulle diversit\u00e0 <\/em>e il rinfresco &#8220;La cucina di Tosca &amp; Frequenze&#8221; offerto dalla Citt\u00e0 di Chiasso.<\/p>\n\n\n\n<h4 class=\"wp-block-heading\"><strong><em>Concorso e mostra fotografica<br>\n<\/em><\/strong><\/h4>\n\n\n\n<figure class=\"wp-block-image\"><img loading=\"lazy\" decoding=\"async\" width=\"225\" height=\"300\" src=\"http:\/\/www.diversamente.ch\/wp-content\/uploads\/2019\/04\/IMG_1544-225x300.jpg\" alt=\"\" class=\"wp-image-988\" srcset=\"https:\/\/www.diversamente.ch\/wp-content\/uploads\/2019\/04\/IMG_1544-225x300.jpg 225w, https:\/\/www.diversamente.ch\/wp-content\/uploads\/2019\/04\/IMG_1544.jpg 768w\" sizes=\"(max-width: 225px) 100vw, 225px\" \/><\/figure>\n\n\n\n<p><em>Nei giorni precedenti i due giorni delle manifestazioni su Corso San Gottardo a Chiasso si potr\u00e0 ammirare <strong>l\u2019esposizione pubblica<\/strong> delle opere del <strong>concorso fotografico<\/strong> selezionate dalla giuria nell&#8217;ambito del concorso fotografico &#8220;sguardi diversi sulle diversit\u00e0 promosso dai Servizi comunicazione e Gender &amp; Diversity della SUPSI, dalla Fondazione ARES, dal Comune di Chiasso e da Frequenze.&nbsp; <\/em><\/p>\n","protected":false},"excerpt":{"rendered":"<p>&lt;scarica locandina-programma&gt; 12-13 aprile \/ Chiasso Incontri formativi e informativi, spettacoli teatrali ed altri eventi culturali e aggregativi aperti al pubblico, costituiscono il palinsesto delle manifestazioni per&nbsp; sensibilizzare l\u2019opinione pubblica, la realt\u00e0 economica e sociale nonch\u00e9 la scuola, sul tema dell\u2019inclusione, costruendo insieme una cultura che avvicini all\u2019altro, che valorizzi il potenziale di ciascuno al &hellip; <a href=\"https:\/\/www.diversamente.ch\/index.php\/13-14-aprile-giornata-mondiale-dellautismo\/\" class=\"more-link\">Continue reading <span class=\"screen-reader-text\">12-13 aprile Giornata mondiale per la consapevolezza dell&#8217;Autismo &#8217;19<\/span><\/a><\/p>\n","protected":false},"author":3,"featured_media":0,"parent":0,"menu_order":0,"comment_status":"closed","ping_status":"closed","template":"","meta":{"footnotes":""},"_links":{"self":[{"href":"https:\/\/www.diversamente.ch\/index.php\/wp-json\/wp\/v2\/pages\/705"}],"collection":[{"href":"https:\/\/www.diversamente.ch\/index.php\/wp-json\/wp\/v2\/pages"}],"about":[{"href":"https:\/\/www.diversamente.ch\/index.php\/wp-json\/wp\/v2\/types\/page"}],"author":[{"embeddable":true,"href":"https:\/\/www.diversamente.ch\/index.php\/wp-json\/wp\/v2\/users\/3"}],"replies":[{"embeddable":true,"href":"https:\/\/www.diversamente.ch\/index.php\/wp-json\/wp\/v2\/comments?post=705"}],"version-history":[{"count":32,"href":"https:\/\/www.diversamente.ch\/index.php\/wp-json\/wp\/v2\/pages\/705\/revisions"}],"predecessor-version":[{"id":1919,"href":"https:\/\/www.diversamente.ch\/index.php\/wp-json\/wp\/v2\/pages\/705\/revisions\/1919"}],"wp:attachment":[{"href":"https:\/\/www.diversamente.ch\/index.php\/wp-json\/wp\/v2\/media?parent=705"}],"curies":[{"name":"wp","href":"https:\/\/api.w.org\/{rel}","templated":true}]}}